{"id":735,"date":"2022-10-07T00:39:23","date_gmt":"2022-10-06T22:39:23","guid":{"rendered":"http:\/\/localhost\/macromedia\/workspace\/"},"modified":"2022-12-15T10:02:49","modified_gmt":"2022-12-15T08:02:49","slug":"workspace","status":"publish","type":"page","link":"https:\/\/www.macromedia.cat\/es\/workspace\/","title":{"rendered":"Espacio de trabajo"},"content":{"rendered":"\n<p>A continuaci\u00f3n se muestra una captura de pantalla que explica el espacio de trabajo.<\/p>\n\n\n\n<p>Freehand reside dentro de una ventana de software de Parallels que ejecuta OSX 10.6.8. Es una computadora dentro de una computadora.<\/p>\n\n\n\n<p>Mover elementos entre m\u00e1quinas es tan f\u00e1cil como arrastrar y soltar de un escritorio a otro, o navegar a trav\u00e9s del buscador. En el escritorio del Invitado se encuentra la carpeta Compartida de Parallels: puede navegar a cualquier archivo en su computadora Host o red a trav\u00e9s de este icono.<\/p>\n\n\n\n<p>El sistema operativo invitado utiliza la conexi\u00f3n a Internet y los perif\u00e9ricos del sistema operativo anfitri\u00f3n.<\/p>\n\n\n\n<p>Recomendamos apagar el sistema operativo invitado a trav\u00e9s de su comando Apagar debajo del \u00edcono de Apple (esquina superior izquierda de la ventana del invitado), tal como apagar\u00eda la computadora host. Esto borra la memoria RAM y las caches de Guest XXX en lugar de suspender el sistema operativo en un estado similar al de &#8220;suspensi\u00f3n&#8221;.<\/p>\n\n\n\n<figure class=\"wp-block-image size-large\"><img loading=\"lazy\" decoding=\"async\" width=\"1024\" height=\"678\" src=\"http:\/\/localhost\/macromedia\/wp-content\/uploads\/2022\/12\/Overview-1024x678.jpg\" alt=\"\" class=\"wp-image-729\" srcset=\"https:\/\/www.macromedia.cat\/wp-content\/uploads\/2022\/12\/Overview-1024x678.jpg 1024w, https:\/\/www.macromedia.cat\/wp-content\/uploads\/2022\/12\/Overview-300x199.jpg 300w, https:\/\/www.macromedia.cat\/wp-content\/uploads\/2022\/12\/Overview-768x508.jpg 768w, https:\/\/www.macromedia.cat\/wp-content\/uploads\/2022\/12\/Overview.jpg 1500w\" sizes=\"auto, (max-width: 1024px) 100vw, 1024px\" \/><\/figure>\n","protected":false},"excerpt":{"rendered":"<p>A continuaci\u00f3n se muestra una captura de pantalla que explica el espacio de trabajo. Freehand reside dentro de una ventana de software de Parallels que ejecuta OSX 10.6.8. Es una computadora dentro&#46;&#46;&#46;<\/p>\n","protected":false},"author":1,"featured_media":738,"parent":0,"menu_order":0,"comment_status":"closed","ping_status":"open","template":"","meta":{"footnotes":""},"class_list":["post-735","page","type-page","status-publish","has-post-thumbnail","hentry"],"yoast_head":"<!-- This site is optimized with the Yoast SEO Premium plugin v21.9 (Yoast SEO v22.3) - https:\/\/yoast.com\/wordpress\/plugins\/seo\/ -->\n<title>Espacio de trabajo - MacroMedia<\/title>\n<meta name=\"robots\" content=\"index, follow, max-snippet:-1, max-image-preview:large, max-video-preview:-1\" \/>\n<link rel=\"canonical\" href=\"https:\/\/www.macromedia.cat\/es\/workspace\/\" \/>\n<meta property=\"og:locale\" content=\"es_ES\" \/>\n<meta property=\"og:type\" content=\"article\" \/>\n<meta property=\"og:title\" content=\"Espacio de trabajo\" \/>\n<meta property=\"og:description\" content=\"A continuaci\u00f3n se muestra una captura de pantalla que explica el espacio de trabajo. Freehand reside dentro de una ventana de software de Parallels que ejecuta OSX 10.6.8. Es una computadora dentro&#046;&#046;&#046;\" \/>\n<meta property=\"og:url\" content=\"https:\/\/www.macromedia.cat\/es\/workspace\/\" \/>\n<meta property=\"og:site_name\" content=\"MacroMedia\" \/>\n<meta property=\"article:publisher\" content=\"https:\/\/www.facebook.com\/joomfla\" \/>\n<meta property=\"article:modified_time\" content=\"2022-12-15T08:02:49+00:00\" \/>\n<meta property=\"og:image\" content=\"https:\/\/www.macromedia.cat\/wp-content\/uploads\/2022\/12\/Overview_head.jpg\" \/>\n\t<meta property=\"og:image:width\" content=\"810\" \/>\n\t<meta property=\"og:image:height\" content=\"456\" \/>\n\t<meta property=\"og:image:type\" content=\"image\/jpeg\" \/>\n<meta name=\"twitter:card\" content=\"summary_large_image\" \/>\n<meta name=\"twitter:site\" content=\"@joomfla\" \/>\n<meta name=\"twitter:label1\" content=\"Tiempo de lectura\" \/>\n\t<meta name=\"twitter:data1\" content=\"2 minutos\" \/>\n<script type=\"application\/ld+json\" class=\"yoast-schema-graph\">{\"@context\":\"https:\/\/schema.org\",\"@graph\":[{\"@type\":\"WebPage\",\"@id\":\"https:\/\/www.macromedia.cat\/es\/workspace\/\",\"url\":\"https:\/\/www.macromedia.cat\/es\/workspace\/\",\"name\":\"Espacio de trabajo - MacroMedia\",\"isPartOf\":{\"@id\":\"https:\/\/www.macromedia.cat\/es\/#website\"},\"primaryImageOfPage\":{\"@id\":\"https:\/\/www.macromedia.cat\/es\/workspace\/#primaryimage\"},\"image\":{\"@id\":\"https:\/\/www.macromedia.cat\/es\/workspace\/#primaryimage\"},\"thumbnailUrl\":\"https:\/\/www.macromedia.cat\/wp-content\/uploads\/2022\/12\/Overview_head.jpg\",\"datePublished\":\"2022-10-06T22:39:23+00:00\",\"dateModified\":\"2022-12-15T08:02:49+00:00\",\"breadcrumb\":{\"@id\":\"https:\/\/www.macromedia.cat\/es\/workspace\/#breadcrumb\"},\"inLanguage\":\"es\",\"potentialAction\":[{\"@type\":\"ReadAction\",\"target\":[\"https:\/\/www.macromedia.cat\/es\/workspace\/\"]}]},{\"@type\":\"ImageObject\",\"inLanguage\":\"es\",\"@id\":\"https:\/\/www.macromedia.cat\/es\/workspace\/#primaryimage\",\"url\":\"https:\/\/www.macromedia.cat\/wp-content\/uploads\/2022\/12\/Overview_head.jpg\",\"contentUrl\":\"https:\/\/www.macromedia.cat\/wp-content\/uploads\/2022\/12\/Overview_head.jpg\",\"width\":810,\"height\":456},{\"@type\":\"BreadcrumbList\",\"@id\":\"https:\/\/www.macromedia.cat\/es\/workspace\/#breadcrumb\",\"itemListElement\":[{\"@type\":\"ListItem\",\"position\":1,\"name\":\"Inici\",\"item\":\"https:\/\/www.macromedia.cat\/es\/\"},{\"@type\":\"ListItem\",\"position\":2,\"name\":\"Espacio de trabajo\"}]},{\"@type\":\"WebSite\",\"@id\":\"https:\/\/www.macromedia.cat\/es\/#website\",\"url\":\"https:\/\/www.macromedia.cat\/es\/\",\"name\":\"MacroMedia\",\"description\":\"Incondicionales de MacroMedia!\",\"publisher\":{\"@id\":\"https:\/\/www.macromedia.cat\/es\/#organization\"},\"potentialAction\":[{\"@type\":\"SearchAction\",\"target\":{\"@type\":\"EntryPoint\",\"urlTemplate\":\"https:\/\/www.macromedia.cat\/es\/?s={search_term_string}\"},\"query-input\":\"required name=search_term_string\"}],\"inLanguage\":\"es\"},{\"@type\":\"Organization\",\"@id\":\"https:\/\/www.macromedia.cat\/es\/#organization\",\"name\":\"MacroMedia\",\"url\":\"https:\/\/www.macromedia.cat\/es\/\",\"logo\":{\"@type\":\"ImageObject\",\"inLanguage\":\"es\",\"@id\":\"https:\/\/www.macromedia.cat\/es\/#\/schema\/logo\/image\/\",\"url\":\"https:\/\/www.macromedia.cat\/wp-content\/uploads\/2022\/10\/onestudio-logo-light_bg.png\",\"contentUrl\":\"https:\/\/www.macromedia.cat\/wp-content\/uploads\/2022\/10\/onestudio-logo-light_bg.png\",\"width\":414,\"height\":206,\"caption\":\"MacroMedia\"},\"image\":{\"@id\":\"https:\/\/www.macromedia.cat\/es\/#\/schema\/logo\/image\/\"},\"sameAs\":[\"https:\/\/www.facebook.com\/joomfla\",\"https:\/\/twitter.com\/joomfla\",\"https:\/\/www.pinterest.com\/joomfla\/\",\"https:\/\/www.instagram.com\/joomfla\/\",\"https:\/\/www.linkedin.com\/company\/joomfla\",\"https:\/\/www.youtube.com\/@joomfla\"]}]}<\/script>\n<!-- \/ Yoast SEO Premium plugin. -->","yoast_head_json":{"title":"Espacio de trabajo - MacroMedia","robots":{"index":"index","follow":"follow","max-snippet":"max-snippet:-1","max-image-preview":"max-image-preview:large","max-video-preview":"max-video-preview:-1"},"canonical":"https:\/\/www.macromedia.cat\/es\/workspace\/","og_locale":"es_ES","og_type":"article","og_title":"Espacio de trabajo","og_description":"A continuaci\u00f3n se muestra una captura de pantalla que explica el espacio de trabajo. Freehand reside dentro de una ventana de software de Parallels que ejecuta OSX 10.6.8. Es una computadora dentro&#46;&#46;&#46;","og_url":"https:\/\/www.macromedia.cat\/es\/workspace\/","og_site_name":"MacroMedia","article_publisher":"https:\/\/www.facebook.com\/joomfla","article_modified_time":"2022-12-15T08:02:49+00:00","og_image":[{"width":810,"height":456,"url":"https:\/\/www.macromedia.cat\/wp-content\/uploads\/2022\/12\/Overview_head.jpg","type":"image\/jpeg"}],"twitter_card":"summary_large_image","twitter_site":"@joomfla","twitter_misc":{"Tiempo de lectura":"2 minutos"},"schema":{"@context":"https:\/\/schema.org","@graph":[{"@type":"WebPage","@id":"https:\/\/www.macromedia.cat\/es\/workspace\/","url":"https:\/\/www.macromedia.cat\/es\/workspace\/","name":"Espacio de trabajo - MacroMedia","isPartOf":{"@id":"https:\/\/www.macromedia.cat\/es\/#website"},"primaryImageOfPage":{"@id":"https:\/\/www.macromedia.cat\/es\/workspace\/#primaryimage"},"image":{"@id":"https:\/\/www.macromedia.cat\/es\/workspace\/#primaryimage"},"thumbnailUrl":"https:\/\/www.macromedia.cat\/wp-content\/uploads\/2022\/12\/Overview_head.jpg","datePublished":"2022-10-06T22:39:23+00:00","dateModified":"2022-12-15T08:02:49+00:00","breadcrumb":{"@id":"https:\/\/www.macromedia.cat\/es\/workspace\/#breadcrumb"},"inLanguage":"es","potentialAction":[{"@type":"ReadAction","target":["https:\/\/www.macromedia.cat\/es\/workspace\/"]}]},{"@type":"ImageObject","inLanguage":"es","@id":"https:\/\/www.macromedia.cat\/es\/workspace\/#primaryimage","url":"https:\/\/www.macromedia.cat\/wp-content\/uploads\/2022\/12\/Overview_head.jpg","contentUrl":"https:\/\/www.macromedia.cat\/wp-content\/uploads\/2022\/12\/Overview_head.jpg","width":810,"height":456},{"@type":"BreadcrumbList","@id":"https:\/\/www.macromedia.cat\/es\/workspace\/#breadcrumb","itemListElement":[{"@type":"ListItem","position":1,"name":"Inici","item":"https:\/\/www.macromedia.cat\/es\/"},{"@type":"ListItem","position":2,"name":"Espacio de trabajo"}]},{"@type":"WebSite","@id":"https:\/\/www.macromedia.cat\/es\/#website","url":"https:\/\/www.macromedia.cat\/es\/","name":"MacroMedia","description":"Incondicionales de MacroMedia!","publisher":{"@id":"https:\/\/www.macromedia.cat\/es\/#organization"},"potentialAction":[{"@type":"SearchAction","target":{"@type":"EntryPoint","urlTemplate":"https:\/\/www.macromedia.cat\/es\/?s={search_term_string}"},"query-input":"required name=search_term_string"}],"inLanguage":"es"},{"@type":"Organization","@id":"https:\/\/www.macromedia.cat\/es\/#organization","name":"MacroMedia","url":"https:\/\/www.macromedia.cat\/es\/","logo":{"@type":"ImageObject","inLanguage":"es","@id":"https:\/\/www.macromedia.cat\/es\/#\/schema\/logo\/image\/","url":"https:\/\/www.macromedia.cat\/wp-content\/uploads\/2022\/10\/onestudio-logo-light_bg.png","contentUrl":"https:\/\/www.macromedia.cat\/wp-content\/uploads\/2022\/10\/onestudio-logo-light_bg.png","width":414,"height":206,"caption":"MacroMedia"},"image":{"@id":"https:\/\/www.macromedia.cat\/es\/#\/schema\/logo\/image\/"},"sameAs":["https:\/\/www.facebook.com\/joomfla","https:\/\/twitter.com\/joomfla","https:\/\/www.pinterest.com\/joomfla\/","https:\/\/www.instagram.com\/joomfla\/","https:\/\/www.linkedin.com\/company\/joomfla","https:\/\/www.youtube.com\/@joomfla"]}]}},"_links":{"self":[{"href":"https:\/\/www.macromedia.cat\/es\/wp-json\/wp\/v2\/pages\/735","targetHints":{"allow":["GET"]}}],"collection":[{"href":"https:\/\/www.macromedia.cat\/es\/wp-json\/wp\/v2\/pages"}],"about":[{"href":"https:\/\/www.macromedia.cat\/es\/wp-json\/wp\/v2\/types\/page"}],"author":[{"embeddable":true,"href":"https:\/\/www.macromedia.cat\/es\/wp-json\/wp\/v2\/users\/1"}],"replies":[{"embeddable":true,"href":"https:\/\/www.macromedia.cat\/es\/wp-json\/wp\/v2\/comments?post=735"}],"version-history":[{"count":0,"href":"https:\/\/www.macromedia.cat\/es\/wp-json\/wp\/v2\/pages\/735\/revisions"}],"wp:featuredmedia":[{"embeddable":true,"href":"https:\/\/www.macromedia.cat\/es\/wp-json\/wp\/v2\/media\/738"}],"wp:attachment":[{"href":"https:\/\/www.macromedia.cat\/es\/wp-json\/wp\/v2\/media?parent=735"}],"curies":[{"name":"wp","href":"https:\/\/api.w.org\/{rel}","templated":true}]}}