{"id":964,"date":"2022-10-21T03:50:53","date_gmt":"2022-10-21T01:50:53","guid":{"rendered":"https:\/\/www.macromedia.cat\/404-2\/"},"modified":"2022-12-18T19:41:00","modified_gmt":"2022-12-18T17:41:00","slug":"404-2","status":"publish","type":"page","link":"https:\/\/www.macromedia.cat\/es\/404-2\/","title":{"rendered":"Error 404"},"content":{"rendered":"\n<p>La p\u00e1gina que buscas ha desaparecido. Tal vez nunca estuvo aqu\u00ed o fue trasladado a un lugar mejor.<\/p>\n\n\n\n<div class=\"page__content\"><div class=\"error\"><p class=\"error__number\">404<\/p><h2 class=\"error__title\">P\u00e1gina no encontrada<\/h2><p class=\"error__message\">Esta p\u00e1gina se ha suprimido o movido a otra ubicaci\u00f3n.<br>Si cree que podemos ayudarle, p\u00f3ngase en contacto con nosotros en <a href=\"mailto:info@macromedia.cat\">info@macromedia.cat<\/a>.<\/p><a class=\"button button--primary\" href=\"\/\">Volver a la P\u00e1gina Principal<\/a><\/div><\/div>\n","protected":false},"excerpt":{"rendered":"<p>La p\u00e1gina que buscas ha desaparecido. Tal vez nunca estuvo aqu\u00ed o fue trasladado a un lugar mejor. 404 P\u00e1gina no encontrada Esta p\u00e1gina se ha suprimido o movido a otra ubicaci\u00f3n.Si&#46;&#46;&#46;<\/p>\n","protected":false},"author":1,"featured_media":961,"parent":0,"menu_order":0,"comment_status":"closed","ping_status":"closed","template":"","meta":{"footnotes":""},"class_list":["post-964","page","type-page","status-publish","has-post-thumbnail","hentry"],"yoast_head":"<!-- This site is optimized with the Yoast SEO Premium plugin v21.9 (Yoast SEO v22.3) - https:\/\/yoast.com\/wordpress\/plugins\/seo\/ -->\n<title>Error 404 - MacroMedia<\/title>\n<meta name=\"robots\" content=\"index, follow, max-snippet:-1, max-image-preview:large, max-video-preview:-1\" \/>\n<link rel=\"canonical\" href=\"https:\/\/www.macromedia.cat\/es\/404-2\/\" \/>\n<meta property=\"og:locale\" content=\"es_ES\" \/>\n<meta property=\"og:type\" content=\"article\" \/>\n<meta property=\"og:title\" content=\"Error 404\" \/>\n<meta property=\"og:description\" content=\"La p\u00e1gina que buscas ha desaparecido. Tal vez nunca estuvo aqu\u00ed o fue trasladado a un lugar mejor. 404 P\u00e1gina no encontrada Esta p\u00e1gina se ha suprimido o movido a otra ubicaci\u00f3n.Si&#046;&#046;&#046;\" \/>\n<meta property=\"og:url\" content=\"https:\/\/www.macromedia.cat\/es\/404-2\/\" \/>\n<meta property=\"og:site_name\" content=\"MacroMedia\" \/>\n<meta property=\"article:publisher\" content=\"https:\/\/www.facebook.com\/joomfla\" \/>\n<meta property=\"article:modified_time\" content=\"2022-12-18T17:41:00+00:00\" \/>\n<meta property=\"og:image\" content=\"https:\/\/www.macromedia.cat\/wp-content\/uploads\/2022\/12\/slide1-error.jpg\" \/>\n\t<meta property=\"og:image:width\" content=\"810\" \/>\n\t<meta property=\"og:image:height\" content=\"456\" \/>\n\t<meta property=\"og:image:type\" content=\"image\/jpeg\" \/>\n<meta name=\"twitter:card\" content=\"summary_large_image\" \/>\n<meta name=\"twitter:site\" content=\"@joomfla\" \/>\n<meta name=\"twitter:label1\" content=\"Tiempo de lectura\" \/>\n\t<meta name=\"twitter:data1\" content=\"1 minuto\" \/>\n<script type=\"application\/ld+json\" class=\"yoast-schema-graph\">{\"@context\":\"https:\/\/schema.org\",\"@graph\":[{\"@type\":\"WebPage\",\"@id\":\"https:\/\/www.macromedia.cat\/es\/404-2\/\",\"url\":\"https:\/\/www.macromedia.cat\/es\/404-2\/\",\"name\":\"Error 404 - MacroMedia\",\"isPartOf\":{\"@id\":\"https:\/\/www.macromedia.cat\/es\/#website\"},\"primaryImageOfPage\":{\"@id\":\"https:\/\/www.macromedia.cat\/es\/404-2\/#primaryimage\"},\"image\":{\"@id\":\"https:\/\/www.macromedia.cat\/es\/404-2\/#primaryimage\"},\"thumbnailUrl\":\"https:\/\/www.macromedia.cat\/wp-content\/uploads\/2022\/12\/slide1-error.jpg\",\"datePublished\":\"2022-10-21T01:50:53+00:00\",\"dateModified\":\"2022-12-18T17:41:00+00:00\",\"breadcrumb\":{\"@id\":\"https:\/\/www.macromedia.cat\/es\/404-2\/#breadcrumb\"},\"inLanguage\":\"es\",\"potentialAction\":[{\"@type\":\"ReadAction\",\"target\":[\"https:\/\/www.macromedia.cat\/es\/404-2\/\"]}]},{\"@type\":\"ImageObject\",\"inLanguage\":\"es\",\"@id\":\"https:\/\/www.macromedia.cat\/es\/404-2\/#primaryimage\",\"url\":\"https:\/\/www.macromedia.cat\/wp-content\/uploads\/2022\/12\/slide1-error.jpg\",\"contentUrl\":\"https:\/\/www.macromedia.cat\/wp-content\/uploads\/2022\/12\/slide1-error.jpg\",\"width\":810,\"height\":456},{\"@type\":\"BreadcrumbList\",\"@id\":\"https:\/\/www.macromedia.cat\/es\/404-2\/#breadcrumb\",\"itemListElement\":[{\"@type\":\"ListItem\",\"position\":1,\"name\":\"Inici\",\"item\":\"https:\/\/www.macromedia.cat\/es\/\"},{\"@type\":\"ListItem\",\"position\":2,\"name\":\"Error 404\"}]},{\"@type\":\"WebSite\",\"@id\":\"https:\/\/www.macromedia.cat\/es\/#website\",\"url\":\"https:\/\/www.macromedia.cat\/es\/\",\"name\":\"MacroMedia\",\"description\":\"Incondicionales de MacroMedia!\",\"publisher\":{\"@id\":\"https:\/\/www.macromedia.cat\/es\/#organization\"},\"potentialAction\":[{\"@type\":\"SearchAction\",\"target\":{\"@type\":\"EntryPoint\",\"urlTemplate\":\"https:\/\/www.macromedia.cat\/es\/?s={search_term_string}\"},\"query-input\":\"required name=search_term_string\"}],\"inLanguage\":\"es\"},{\"@type\":\"Organization\",\"@id\":\"https:\/\/www.macromedia.cat\/es\/#organization\",\"name\":\"MacroMedia\",\"url\":\"https:\/\/www.macromedia.cat\/es\/\",\"logo\":{\"@type\":\"ImageObject\",\"inLanguage\":\"es\",\"@id\":\"https:\/\/www.macromedia.cat\/es\/#\/schema\/logo\/image\/\",\"url\":\"https:\/\/www.macromedia.cat\/wp-content\/uploads\/2022\/10\/onestudio-logo-light_bg.png\",\"contentUrl\":\"https:\/\/www.macromedia.cat\/wp-content\/uploads\/2022\/10\/onestudio-logo-light_bg.png\",\"width\":414,\"height\":206,\"caption\":\"MacroMedia\"},\"image\":{\"@id\":\"https:\/\/www.macromedia.cat\/es\/#\/schema\/logo\/image\/\"},\"sameAs\":[\"https:\/\/www.facebook.com\/joomfla\",\"https:\/\/twitter.com\/joomfla\",\"https:\/\/www.pinterest.com\/joomfla\/\",\"https:\/\/www.instagram.com\/joomfla\/\",\"https:\/\/www.linkedin.com\/company\/joomfla\",\"https:\/\/www.youtube.com\/@joomfla\"]}]}<\/script>\n<!-- \/ Yoast SEO Premium plugin. -->","yoast_head_json":{"title":"Error 404 - MacroMedia","robots":{"index":"index","follow":"follow","max-snippet":"max-snippet:-1","max-image-preview":"max-image-preview:large","max-video-preview":"max-video-preview:-1"},"canonical":"https:\/\/www.macromedia.cat\/es\/404-2\/","og_locale":"es_ES","og_type":"article","og_title":"Error 404","og_description":"La p\u00e1gina que buscas ha desaparecido. Tal vez nunca estuvo aqu\u00ed o fue trasladado a un lugar mejor. 404 P\u00e1gina no encontrada Esta p\u00e1gina se ha suprimido o movido a otra ubicaci\u00f3n.Si&#46;&#46;&#46;","og_url":"https:\/\/www.macromedia.cat\/es\/404-2\/","og_site_name":"MacroMedia","article_publisher":"https:\/\/www.facebook.com\/joomfla","article_modified_time":"2022-12-18T17:41:00+00:00","og_image":[{"width":810,"height":456,"url":"https:\/\/www.macromedia.cat\/wp-content\/uploads\/2022\/12\/slide1-error.jpg","type":"image\/jpeg"}],"twitter_card":"summary_large_image","twitter_site":"@joomfla","twitter_misc":{"Tiempo de lectura":"1 minuto"},"schema":{"@context":"https:\/\/schema.org","@graph":[{"@type":"WebPage","@id":"https:\/\/www.macromedia.cat\/es\/404-2\/","url":"https:\/\/www.macromedia.cat\/es\/404-2\/","name":"Error 404 - MacroMedia","isPartOf":{"@id":"https:\/\/www.macromedia.cat\/es\/#website"},"primaryImageOfPage":{"@id":"https:\/\/www.macromedia.cat\/es\/404-2\/#primaryimage"},"image":{"@id":"https:\/\/www.macromedia.cat\/es\/404-2\/#primaryimage"},"thumbnailUrl":"https:\/\/www.macromedia.cat\/wp-content\/uploads\/2022\/12\/slide1-error.jpg","datePublished":"2022-10-21T01:50:53+00:00","dateModified":"2022-12-18T17:41:00+00:00","breadcrumb":{"@id":"https:\/\/www.macromedia.cat\/es\/404-2\/#breadcrumb"},"inLanguage":"es","potentialAction":[{"@type":"ReadAction","target":["https:\/\/www.macromedia.cat\/es\/404-2\/"]}]},{"@type":"ImageObject","inLanguage":"es","@id":"https:\/\/www.macromedia.cat\/es\/404-2\/#primaryimage","url":"https:\/\/www.macromedia.cat\/wp-content\/uploads\/2022\/12\/slide1-error.jpg","contentUrl":"https:\/\/www.macromedia.cat\/wp-content\/uploads\/2022\/12\/slide1-error.jpg","width":810,"height":456},{"@type":"BreadcrumbList","@id":"https:\/\/www.macromedia.cat\/es\/404-2\/#breadcrumb","itemListElement":[{"@type":"ListItem","position":1,"name":"Inici","item":"https:\/\/www.macromedia.cat\/es\/"},{"@type":"ListItem","position":2,"name":"Error 404"}]},{"@type":"WebSite","@id":"https:\/\/www.macromedia.cat\/es\/#website","url":"https:\/\/www.macromedia.cat\/es\/","name":"MacroMedia","description":"Incondicionales de MacroMedia!","publisher":{"@id":"https:\/\/www.macromedia.cat\/es\/#organization"},"potentialAction":[{"@type":"SearchAction","target":{"@type":"EntryPoint","urlTemplate":"https:\/\/www.macromedia.cat\/es\/?s={search_term_string}"},"query-input":"required name=search_term_string"}],"inLanguage":"es"},{"@type":"Organization","@id":"https:\/\/www.macromedia.cat\/es\/#organization","name":"MacroMedia","url":"https:\/\/www.macromedia.cat\/es\/","logo":{"@type":"ImageObject","inLanguage":"es","@id":"https:\/\/www.macromedia.cat\/es\/#\/schema\/logo\/image\/","url":"https:\/\/www.macromedia.cat\/wp-content\/uploads\/2022\/10\/onestudio-logo-light_bg.png","contentUrl":"https:\/\/www.macromedia.cat\/wp-content\/uploads\/2022\/10\/onestudio-logo-light_bg.png","width":414,"height":206,"caption":"MacroMedia"},"image":{"@id":"https:\/\/www.macromedia.cat\/es\/#\/schema\/logo\/image\/"},"sameAs":["https:\/\/www.facebook.com\/joomfla","https:\/\/twitter.com\/joomfla","https:\/\/www.pinterest.com\/joomfla\/","https:\/\/www.instagram.com\/joomfla\/","https:\/\/www.linkedin.com\/company\/joomfla","https:\/\/www.youtube.com\/@joomfla"]}]}},"_links":{"self":[{"href":"https:\/\/www.macromedia.cat\/es\/wp-json\/wp\/v2\/pages\/964","targetHints":{"allow":["GET"]}}],"collection":[{"href":"https:\/\/www.macromedia.cat\/es\/wp-json\/wp\/v2\/pages"}],"about":[{"href":"https:\/\/www.macromedia.cat\/es\/wp-json\/wp\/v2\/types\/page"}],"author":[{"embeddable":true,"href":"https:\/\/www.macromedia.cat\/es\/wp-json\/wp\/v2\/users\/1"}],"replies":[{"embeddable":true,"href":"https:\/\/www.macromedia.cat\/es\/wp-json\/wp\/v2\/comments?post=964"}],"version-history":[{"count":0,"href":"https:\/\/www.macromedia.cat\/es\/wp-json\/wp\/v2\/pages\/964\/revisions"}],"wp:featuredmedia":[{"embeddable":true,"href":"https:\/\/www.macromedia.cat\/es\/wp-json\/wp\/v2\/media\/961"}],"wp:attachment":[{"href":"https:\/\/www.macromedia.cat\/es\/wp-json\/wp\/v2\/media?parent=964"}],"curies":[{"name":"wp","href":"https:\/\/api.w.org\/{rel}","templated":true}]}}